{"id":5271,"date":"2018-01-13T12:49:36","date_gmt":"2018-01-13T11:49:36","guid":{"rendered":"http:\/\/www.wind99.com\/?page_id=5271"},"modified":"2024-07-06T08:15:35","modified_gmt":"2024-07-06T06:15:35","slug":"scholen-en-groepen","status":"publish","type":"page","link":"https:\/\/www.wind99.com\/nl\/zeil-en-surfschool\/scholen-en-groepen\/","title":{"rendered":"Scholen en groepen"},"content":{"rendered":"<div class=\"mp-row-fluid motopress-row mpce-dsbl-margin-left mpce-dsbl-margin-right\">\n<div class=\"motopress-clmn mp-span12  mpce-dsbl-margin-left mpce-dsbl-margin-right\">\n<div class=\"motopress-text-obj\">\n<h3>Programma's voor groepen, schoolreizen naar het Balatonmeer in Hongarije<\/h3>\n<\/div>\n<\/div>\n<\/div>\n<div class=\"mp-row-fluid motopress-row mpce-dsbl-margin-left mpce-dsbl-margin-right\">\n<div class=\"motopress-clmn mp-span12  mpce-dsbl-margin-left mpce-dsbl-margin-right\">\n<div class=\"motopress-text-obj\">\n<p>Scholen en groepen, klassereis, eindexamenreis, voetbalvereniging of Kaartspeelclub,... Graag werken we samen met U een individueel week programma door. Naast sport-, natuur, en recreatiebelevenissen kunnen wij U ook culturele uitstapjes aanbieden.<br \/>\n<a href=\"https:\/\/www.wind99.com\/nl\/zeil-en-surfschool\/windsurfcursus\/\">Surf<\/a>- of <a href=\"https:\/\/www.wind99.com\/nl\/zeil-en-surfschool\/zeilcursus\/\">zeilcursus<\/a>, 4 dagen logies en half pension, afhankelijk van de seizoen, al va. \u20ac 320- !!!<\/p>\n<\/div>\n<\/div>\n<\/div>\n<div class=\"mp-row-fluid motopress-row mpce-dsbl-margin-left mpce-dsbl-margin-right\">\n<div class=\"motopress-clmn mp-span12  mpce-dsbl-margin-left mpce-dsbl-margin-right\">\n<div class=\"motopress-image-obj motopress-text-align-left\"><img decoding=\"async\" src=\"https:\/\/www.wind99.com\/wp-content\/uploads\/2017\/12\/schulsportwoche_klassenfahrt-1.jpg\" title=\"Schulsportwoche Klassenfahrt\" alt=\"Schulsportwoche Klassenfahrt\" class=\"motopress-image-obj-basic mpce-dsbl-margin-left mpce-dsbl-margin-right mpce-dsbl-margin-top mpce-dsbl-margin-bottom\" \/><\/div>\n<\/div>\n<\/div>\n<div class=\"mp-row-fluid motopress-row mpce-dsbl-margin-left mpce-dsbl-margin-right\">\n<div class=\"motopress-clmn mp-span12  mpce-dsbl-margin-left mpce-dsbl-margin-right motopress-space\">\n<div class=\"motopress-space-obj mpce-dsbl-background-image-type mpce-dsbl-background-image mpce-dsbl-background-gradient mpce-dsbl-background-position mpce-dsbl-background-position-x mpce-dsbl-background-position-y mpce-dsbl-background-repeat mpce-dsbl-background-size mpce-dsbl-background-attachment mpce-dsbl-margin-left mpce-dsbl-margin-right mpce-dsbl-background-color mpce-dsbl-border-top-width mpce-dsbl-border-bottom-width mpce-dsbl-border-left-width mpce-dsbl-border-right-width mpce-dsbl-border-top-left-radius mpce-dsbl-border-top-right-radius mpce-dsbl-border-bottom-left-radius mpce-dsbl-border-bottom-right-radius mpce-dsbl-border-style mpce-dsbl-border-color mpce-dsbl-padding-left mpce-dsbl-padding-right mpce-dsbl-margin-top mpce-dsbl-margin-bottom mpce-dsbl-color\"  data-min-height=\"0\"><div><\/div><\/div>\n<\/div>\n<\/div>\n<div class=\"mp-row-fluid motopress-row mpce-dsbl-margin-left mpce-dsbl-margin-right\">\n<div class=\"motopress-clmn mp-span12  mpce-dsbl-margin-left mpce-dsbl-margin-right\">\n<div class=\"motopress-text-obj\">\n<h3 style=\"clear: left;\">Groepsvakantie in Club Tihany aan het Balatonmeer<\/h3>\n<\/div>\n<\/div>\n<\/div>\n<div class=\"mp-row-fluid motopress-row mpce-dsbl-margin-left mpce-dsbl-margin-right\">\n<div class=\"motopress-clmn mp-span12  mpce-dsbl-margin-left mpce-dsbl-margin-right\">\n<div class=\"motopress-text-obj\">\n<p style=\"clear: left;\">Cursus, logies en eten vinden plaats in het mooie 4- sterren clubcomplex CLUB TIHANY. Maximaal een grote groep per week, dus blijft het persoonlijk en gezellig. Luxe verblijf in 5-bedden appartementen (met telefoon, TV, radio etc.) Uitgebreid ontbijt- en dinerbuffet in het hotel. Overdekt zwembad en sauna zijn gratis en de gehele dag bruikbaar. Tennis (binnen en buiten), squash, kegelen, biljard, etc. tegen betaling. Prijs voor 15 uren surf- of zeilcursus, 7 dagen logies en half pension, afhankelijk van de seizoen, al va. \u20ac 220.-<\/p>\n<h3>Scholen en groepen<\/h3>\n<p>De volgende groepen hebben al genoten van een zeilen of surfen groepsreis in Tihany:<br \/>\nRoyal Air Force (UK), Lisburn Cathedral Scouts (Northern Ireland), Rudolf Steiner Schule (Wien-Mauer), Freie Waldorfschule Saar-Pfalz (Bexbach, Deutschland), OJA Offene Jugendarbeit Altst\u00e4tten (Schweiz), Universit\u00e4tssportinstitut USI-Wien, BBS-Rohrbach, Bundeshandelsakademie und Handelsschule H\u00f6here Bundeslehranstalt und Fachschule f\u00fcr wirtschaftliche Berufe Rohrbach (\u00f6sterreich), GRG15-Gymnasium auf der Schmelz (Wien), BRG22 - Bernoulligymnasium (Wien)<\/p>\n<\/div>\n<\/div>\n<\/div>\n<div id=\"gtx-trans\" style=\"position: absolute; left: -9px; top: 645.11px;\">\n<div class=\"gtx-trans-icon\"><\/div>\n<\/div>\n","protected":false},"excerpt":{"rendered":"","protected":false},"author":1,"featured_media":0,"parent":5210,"menu_order":0,"comment_status":"closed","ping_status":"closed","template":"","meta":{"footnotes":""},"class_list":["post-5271","page","type-page","status-publish","hentry"],"yoast_head":"<!-- This site is optimized with the Yoast SEO plugin v27.3 - https:\/\/yoast.com\/product\/yoast-seo-wordpress\/ -->\n<title>Scholen en groepen - Segelschule u. Surfschule am Plattensee, Balaton<\/title>\n<meta name=\"description\" content=\"Programma&#039;s voor groepen, schoolreizen naar het Balatonmeer in HongarijeKlassereis, eindexamenreis, programma Hongarije. Scholen en groepen\" \/>\n<meta name=\"robots\" content=\"index, follow, max-snippet:-1, max-image-preview:large, max-video-preview:-1\" \/>\n<link rel=\"canonical\" href=\"https:\/\/www.wind99.com\/nl\/zeil-en-surfschool\/scholen-en-groepen\/\" \/>\n<meta property=\"og:locale\" content=\"nl_NL\" \/>\n<meta property=\"og:type\" content=\"article\" \/>\n<meta property=\"og:title\" content=\"Scholen en groepen - Segelschule u. Surfschule am Plattensee, Balaton\" \/>\n<meta property=\"og:description\" content=\"Programma&#039;s voor groepen, schoolreizen naar het Balatonmeer in HongarijeKlassereis, eindexamenreis, programma Hongarije. Scholen en groepen\" \/>\n<meta property=\"og:url\" content=\"https:\/\/www.wind99.com\/nl\/zeil-en-surfschool\/scholen-en-groepen\/\" \/>\n<meta property=\"og:site_name\" content=\"Segelschule u. Surfschule am Plattensee, Balaton\" \/>\n<meta property=\"article:publisher\" content=\"https:\/\/www.facebook.com\/Sail.and.Surf.Balaton\/\" \/>\n<meta property=\"article:modified_time\" content=\"2024-07-06T06:15:35+00:00\" \/>\n<meta name=\"twitter:card\" content=\"summary_large_image\" \/>\n<meta name=\"twitter:label1\" content=\"Geschatte leestijd\" \/>\n\t<meta name=\"twitter:data1\" content=\"2 minuten\" \/>\n<script type=\"application\/ld+json\" class=\"yoast-schema-graph\">{\"@context\":\"https:\\\/\\\/schema.org\",\"@graph\":[{\"@type\":\"WebPage\",\"@id\":\"https:\\\/\\\/www.wind99.com\\\/nl\\\/zeil-en-surfschool\\\/scholen-en-groepen\\\/\",\"url\":\"https:\\\/\\\/www.wind99.com\\\/nl\\\/zeil-en-surfschool\\\/scholen-en-groepen\\\/\",\"name\":\"Scholen en groepen - Segelschule u. Surfschule am Plattensee, Balaton\",\"isPartOf\":{\"@id\":\"https:\\\/\\\/www.wind99.com\\\/#website\"},\"datePublished\":\"2018-01-13T11:49:36+00:00\",\"dateModified\":\"2024-07-06T06:15:35+00:00\",\"description\":\"Programma's voor groepen, schoolreizen naar het Balatonmeer in HongarijeKlassereis, eindexamenreis, programma Hongarije. Scholen en groepen\",\"breadcrumb\":{\"@id\":\"https:\\\/\\\/www.wind99.com\\\/nl\\\/zeil-en-surfschool\\\/scholen-en-groepen\\\/#breadcrumb\"},\"inLanguage\":\"nl-NL\",\"potentialAction\":[{\"@type\":\"ReadAction\",\"target\":[\"https:\\\/\\\/www.wind99.com\\\/nl\\\/zeil-en-surfschool\\\/scholen-en-groepen\\\/\"]}]},{\"@type\":\"BreadcrumbList\",\"@id\":\"https:\\\/\\\/www.wind99.com\\\/nl\\\/zeil-en-surfschool\\\/scholen-en-groepen\\\/#breadcrumb\",\"itemListElement\":[{\"@type\":\"ListItem\",\"position\":1,\"name\":\"Startseite\",\"item\":\"https:\\\/\\\/www.wind99.com\\\/nl\\\/\"},{\"@type\":\"ListItem\",\"position\":2,\"name\":\"Zeil- en surfschool\",\"item\":\"https:\\\/\\\/www.wind99.com\\\/nl\\\/zeil-en-surfschool\\\/\"},{\"@type\":\"ListItem\",\"position\":3,\"name\":\"Scholen en groepen\"}]},{\"@type\":\"WebSite\",\"@id\":\"https:\\\/\\\/www.wind99.com\\\/#website\",\"url\":\"https:\\\/\\\/www.wind99.com\\\/\",\"name\":\"Segelschule u. Surfschule am Plattensee, Balaton\",\"description\":\"Surfkurse u. Segelkurse f\u00fcr Anf\u00e4nger u. Fortgeschrittene\",\"potentialAction\":[{\"@type\":\"SearchAction\",\"target\":{\"@type\":\"EntryPoint\",\"urlTemplate\":\"https:\\\/\\\/www.wind99.com\\\/?s={search_term_string}\"},\"query-input\":{\"@type\":\"PropertyValueSpecification\",\"valueRequired\":true,\"valueName\":\"search_term_string\"}}],\"inLanguage\":\"nl-NL\"}]}<\/script>\n<!-- \/ Yoast SEO plugin. -->","yoast_head_json":{"title":"Scholen en groepen - Segelschule u. Surfschule am Plattensee, Balaton","description":"Programma's voor groepen, schoolreizen naar het Balatonmeer in HongarijeKlassereis, eindexamenreis, programma Hongarije. Scholen en groepen","robots":{"index":"index","follow":"follow","max-snippet":"max-snippet:-1","max-image-preview":"max-image-preview:large","max-video-preview":"max-video-preview:-1"},"canonical":"https:\/\/www.wind99.com\/nl\/zeil-en-surfschool\/scholen-en-groepen\/","og_locale":"nl_NL","og_type":"article","og_title":"Scholen en groepen - Segelschule u. Surfschule am Plattensee, Balaton","og_description":"Programma's voor groepen, schoolreizen naar het Balatonmeer in HongarijeKlassereis, eindexamenreis, programma Hongarije. Scholen en groepen","og_url":"https:\/\/www.wind99.com\/nl\/zeil-en-surfschool\/scholen-en-groepen\/","og_site_name":"Segelschule u. Surfschule am Plattensee, Balaton","article_publisher":"https:\/\/www.facebook.com\/Sail.and.Surf.Balaton\/","article_modified_time":"2024-07-06T06:15:35+00:00","twitter_card":"summary_large_image","twitter_misc":{"Geschatte leestijd":"2 minuten"},"schema":{"@context":"https:\/\/schema.org","@graph":[{"@type":"WebPage","@id":"https:\/\/www.wind99.com\/nl\/zeil-en-surfschool\/scholen-en-groepen\/","url":"https:\/\/www.wind99.com\/nl\/zeil-en-surfschool\/scholen-en-groepen\/","name":"Scholen en groepen - Segelschule u. Surfschule am Plattensee, Balaton","isPartOf":{"@id":"https:\/\/www.wind99.com\/#website"},"datePublished":"2018-01-13T11:49:36+00:00","dateModified":"2024-07-06T06:15:35+00:00","description":"Programma's voor groepen, schoolreizen naar het Balatonmeer in HongarijeKlassereis, eindexamenreis, programma Hongarije. Scholen en groepen","breadcrumb":{"@id":"https:\/\/www.wind99.com\/nl\/zeil-en-surfschool\/scholen-en-groepen\/#breadcrumb"},"inLanguage":"nl-NL","potentialAction":[{"@type":"ReadAction","target":["https:\/\/www.wind99.com\/nl\/zeil-en-surfschool\/scholen-en-groepen\/"]}]},{"@type":"BreadcrumbList","@id":"https:\/\/www.wind99.com\/nl\/zeil-en-surfschool\/scholen-en-groepen\/#breadcrumb","itemListElement":[{"@type":"ListItem","position":1,"name":"Startseite","item":"https:\/\/www.wind99.com\/nl\/"},{"@type":"ListItem","position":2,"name":"Zeil- en surfschool","item":"https:\/\/www.wind99.com\/nl\/zeil-en-surfschool\/"},{"@type":"ListItem","position":3,"name":"Scholen en groepen"}]},{"@type":"WebSite","@id":"https:\/\/www.wind99.com\/#website","url":"https:\/\/www.wind99.com\/","name":"Segelschule u. Surfschule am Plattensee, Balaton","description":"Surfkurse u. Segelkurse f\u00fcr Anf\u00e4nger u. Fortgeschrittene","potentialAction":[{"@type":"SearchAction","target":{"@type":"EntryPoint","urlTemplate":"https:\/\/www.wind99.com\/?s={search_term_string}"},"query-input":{"@type":"PropertyValueSpecification","valueRequired":true,"valueName":"search_term_string"}}],"inLanguage":"nl-NL"}]}},"_links":{"self":[{"href":"https:\/\/www.wind99.com\/nl\/wp-json\/wp\/v2\/pages\/5271","targetHints":{"allow":["GET"]}}],"collection":[{"href":"https:\/\/www.wind99.com\/nl\/wp-json\/wp\/v2\/pages"}],"about":[{"href":"https:\/\/www.wind99.com\/nl\/wp-json\/wp\/v2\/types\/page"}],"author":[{"embeddable":true,"href":"https:\/\/www.wind99.com\/nl\/wp-json\/wp\/v2\/users\/1"}],"replies":[{"embeddable":true,"href":"https:\/\/www.wind99.com\/nl\/wp-json\/wp\/v2\/comments?post=5271"}],"version-history":[{"count":0,"href":"https:\/\/www.wind99.com\/nl\/wp-json\/wp\/v2\/pages\/5271\/revisions"}],"up":[{"embeddable":true,"href":"https:\/\/www.wind99.com\/nl\/wp-json\/wp\/v2\/pages\/5210"}],"wp:attachment":[{"href":"https:\/\/www.wind99.com\/nl\/wp-json\/wp\/v2\/media?parent=5271"}],"curies":[{"name":"wp","href":"https:\/\/api.w.org\/{rel}","templated":true}]}}