{"id":5268,"date":"2018-01-13T12:47:07","date_gmt":"2018-01-13T11:47:07","guid":{"rendered":"http:\/\/www.wind99.com\/?page_id=5268"},"modified":"2024-07-06T08:15:02","modified_gmt":"2024-07-06T06:15:02","slug":"groups-incentives","status":"publish","type":"page","link":"https:\/\/www.wind99.com\/en\/windsurfing-and-sailing-courses\/groups-incentives\/","title":{"rendered":"Groups &#8211; Incentives"},"content":{"rendered":"<div class=\"mp-row-fluid motopress-row mpce-dsbl-margin-left mpce-dsbl-margin-right\">\n<div class=\"motopress-clmn mp-span12  mpce-dsbl-margin-left mpce-dsbl-margin-right\">\n<div class=\"motopress-text-obj\">\n<h3>Group incentives and activitys at Lake Balaton<\/h3>\n<\/div>\n<\/div>\n<\/div>\n<div class=\"mp-row-fluid motopress-row mpce-dsbl-margin-left mpce-dsbl-margin-right\">\n<div class=\"motopress-clmn mp-span12  mpce-dsbl-margin-left mpce-dsbl-margin-right\">\n<div class=\"motopress-text-obj\">\n<p>We are specialized in organizing groups incentives vacations at Lake Balaton in Hungary. Beside a windsurfing or sailing course, we can also offer you the following sport activities: kayaking, mountain biking, hiking, running, beach volleyball, basketball, beach soccer, SUP, tennis, squash, bowling, archery, darts and billiards. In addition to sport programs we can arrange nature and leisure experiences as well as cultural trips to Budapest, Herend, or to the Puszta.<\/p>\n<p><a href=\"https:\/\/www.wind99.com\/en\/windsurfing-and-sailing-courses\/windsurfing-course\/\">Windsurfing<\/a> or <a href=\"https:\/\/www.wind99.com\/en\/windsurfing-and-sailing-courses\/sailing-course\/\">sailing<\/a> course, 4 days accommodation at the Club Tihany beach resort including half board - from as little as 320 - \u20ac!<\/p>\n<\/div>\n<\/div>\n<\/div>\n<div class=\"mp-row-fluid motopress-row mpce-dsbl-margin-left mpce-dsbl-margin-right\">\n<div class=\"motopress-clmn mp-span12  mpce-dsbl-margin-left mpce-dsbl-margin-right\">\n<div class=\"motopress-image-obj motopress-text-align-left\"><img decoding=\"async\" src=\"https:\/\/www.wind99.com\/wp-content\/uploads\/2017\/12\/schulsportwoche_klassenfahrt-1.jpg\" title=\"Schulsportwoche Klassenfahrt\" alt=\"Schulsportwoche Klassenfahrt\" class=\"motopress-image-obj-basic mpce-dsbl-margin-left mpce-dsbl-margin-right mpce-dsbl-margin-top mpce-dsbl-margin-bottom\" \/><\/div>\n<\/div>\n<\/div>\n<div class=\"mp-row-fluid motopress-row mpce-dsbl-margin-left mpce-dsbl-margin-right\">\n<div class=\"motopress-clmn mp-span12  mpce-dsbl-margin-left mpce-dsbl-margin-right motopress-space\">\n<div class=\"motopress-space-obj mpce-dsbl-background-image-type mpce-dsbl-background-image mpce-dsbl-background-gradient mpce-dsbl-background-position mpce-dsbl-background-position-x mpce-dsbl-background-position-y mpce-dsbl-background-repeat mpce-dsbl-background-size mpce-dsbl-background-attachment mpce-dsbl-margin-left mpce-dsbl-margin-right mpce-dsbl-background-color mpce-dsbl-border-top-width mpce-dsbl-border-bottom-width mpce-dsbl-border-left-width mpce-dsbl-border-right-width mpce-dsbl-border-top-left-radius mpce-dsbl-border-top-right-radius mpce-dsbl-border-bottom-left-radius mpce-dsbl-border-bottom-right-radius mpce-dsbl-border-style mpce-dsbl-border-color mpce-dsbl-padding-left mpce-dsbl-padding-right mpce-dsbl-margin-top mpce-dsbl-margin-bottom mpce-dsbl-color\"  data-min-height=\"0\"><div><\/div><\/div>\n<\/div>\n<\/div>\n<div class=\"mp-row-fluid motopress-row mpce-dsbl-margin-left mpce-dsbl-margin-right\">\n<div class=\"motopress-clmn mp-span12  mpce-dsbl-margin-left mpce-dsbl-margin-right\">\n<div class=\"motopress-text-obj\">\n<h3 style=\"clear: left;\">Groups incentives at Club Tihany, Lake Balaton<\/h3>\n<\/div>\n<\/div>\n<\/div>\n<div class=\"mp-row-fluid motopress-row mpce-dsbl-margin-left mpce-dsbl-margin-right\">\n<div class=\"motopress-clmn mp-span12  mpce-dsbl-margin-left mpce-dsbl-margin-right\">\n<div class=\"motopress-text-obj\">\n<p style=\"clear: left;\">Indoor pool and spa with sauna, infra sauna, Jacuzzi and steam room free of charge. Beach volleyball, basketball, climbing tower, archery range and much more are also available in the resort. Tennis courts (indoor and outdoor), squash courts, bowling alleys and billiard tables, etc. are available for a small fee. The resort is located directly on the lake, with its own private beach.<\/p>\n<p>The following groups have already enjoyed a sailing or surfing group holiday in Tihany:<br \/>\nRoyal Air Force (UK), Lisburn Cathedral Scouts (Northern Ireland), Rudolf Steiner Schule (Wien-Mauer), Freie Waldorfschule Saar-Pfalz (Bexbach, Deutschland), OJA Offene Jugendarbeit Altst\u00e4tten (Schweiz), Universit\u00e4tssportinstitut USI-Wien, BBS-Rohrbach, Bundeshandelsakademie und Handelsschule H\u00f6here Bundeslehranstalt und Fachschule f\u00fcr wirtschaftliche Berufe Rohrbach (\u00f6sterreich), GRG15-Gymnasium auf der Schmelz (Wien), BRG22 - Bernoulligymnasium (Wien)<\/p>\n<\/div>\n<\/div>\n<\/div>\n","protected":false},"excerpt":{"rendered":"","protected":false},"author":1,"featured_media":0,"parent":5184,"menu_order":0,"comment_status":"closed","ping_status":"closed","template":"","meta":{"footnotes":""},"class_list":["post-5268","page","type-page","status-publish","hentry"],"yoast_head":"<!-- This site is optimized with the Yoast SEO plugin v27.3 - https:\/\/yoast.com\/product\/yoast-seo-wordpress\/ -->\n<title>Groups - Incentives - Segelschule u. Surfschule am Plattensee, Balaton<\/title>\n<meta name=\"description\" content=\"Groups incentives at our sailing and windsurfing school at Lake Balaton in Hungary. We offer water sports courses including accommodation for groups.\" \/>\n<meta name=\"robots\" content=\"index, follow, max-snippet:-1, max-image-preview:large, max-video-preview:-1\" \/>\n<link rel=\"canonical\" href=\"https:\/\/www.wind99.com\/en\/windsurfing-and-sailing-courses\/groups-incentives\/\" \/>\n<meta property=\"og:locale\" content=\"en_US\" \/>\n<meta property=\"og:type\" content=\"article\" \/>\n<meta property=\"og:title\" content=\"Groups - Incentives - Segelschule u. Surfschule am Plattensee, Balaton\" \/>\n<meta property=\"og:description\" content=\"Groups incentives at our sailing and windsurfing school at Lake Balaton in Hungary. We offer water sports courses including accommodation for groups.\" \/>\n<meta property=\"og:url\" content=\"https:\/\/www.wind99.com\/en\/windsurfing-and-sailing-courses\/groups-incentives\/\" \/>\n<meta property=\"og:site_name\" content=\"Segelschule u. Surfschule am Plattensee, Balaton\" \/>\n<meta property=\"article:publisher\" content=\"https:\/\/www.facebook.com\/Sail.and.Surf.Balaton\/\" \/>\n<meta property=\"article:modified_time\" content=\"2024-07-06T06:15:02+00:00\" \/>\n<meta name=\"twitter:card\" content=\"summary_large_image\" \/>\n<meta name=\"twitter:label1\" content=\"Est. reading time\" \/>\n\t<meta name=\"twitter:data1\" content=\"2 minutes\" \/>\n<script type=\"application\/ld+json\" class=\"yoast-schema-graph\">{\"@context\":\"https:\\\/\\\/schema.org\",\"@graph\":[{\"@type\":\"WebPage\",\"@id\":\"https:\\\/\\\/www.wind99.com\\\/en\\\/windsurfing-and-sailing-courses\\\/groups-incentives\\\/\",\"url\":\"https:\\\/\\\/www.wind99.com\\\/en\\\/windsurfing-and-sailing-courses\\\/groups-incentives\\\/\",\"name\":\"Groups - Incentives - Segelschule u. Surfschule am Plattensee, Balaton\",\"isPartOf\":{\"@id\":\"https:\\\/\\\/www.wind99.com\\\/#website\"},\"datePublished\":\"2018-01-13T11:47:07+00:00\",\"dateModified\":\"2024-07-06T06:15:02+00:00\",\"description\":\"Groups incentives at our sailing and windsurfing school at Lake Balaton in Hungary. We offer water sports courses including accommodation for groups.\",\"breadcrumb\":{\"@id\":\"https:\\\/\\\/www.wind99.com\\\/en\\\/windsurfing-and-sailing-courses\\\/groups-incentives\\\/#breadcrumb\"},\"inLanguage\":\"en-US\",\"potentialAction\":[{\"@type\":\"ReadAction\",\"target\":[\"https:\\\/\\\/www.wind99.com\\\/en\\\/windsurfing-and-sailing-courses\\\/groups-incentives\\\/\"]}]},{\"@type\":\"BreadcrumbList\",\"@id\":\"https:\\\/\\\/www.wind99.com\\\/en\\\/windsurfing-and-sailing-courses\\\/groups-incentives\\\/#breadcrumb\",\"itemListElement\":[{\"@type\":\"ListItem\",\"position\":1,\"name\":\"Startseite\",\"item\":\"https:\\\/\\\/www.wind99.com\\\/en\\\/\"},{\"@type\":\"ListItem\",\"position\":2,\"name\":\"Windsurfing and sailing courses\",\"item\":\"https:\\\/\\\/www.wind99.com\\\/en\\\/windsurfing-and-sailing-courses\\\/\"},{\"@type\":\"ListItem\",\"position\":3,\"name\":\"Groups &#8211; Incentives\"}]},{\"@type\":\"WebSite\",\"@id\":\"https:\\\/\\\/www.wind99.com\\\/#website\",\"url\":\"https:\\\/\\\/www.wind99.com\\\/\",\"name\":\"Segelschule u. Surfschule am Plattensee, Balaton\",\"description\":\"Surfkurse u. Segelkurse f\u00fcr Anf\u00e4nger u. Fortgeschrittene\",\"potentialAction\":[{\"@type\":\"SearchAction\",\"target\":{\"@type\":\"EntryPoint\",\"urlTemplate\":\"https:\\\/\\\/www.wind99.com\\\/?s={search_term_string}\"},\"query-input\":{\"@type\":\"PropertyValueSpecification\",\"valueRequired\":true,\"valueName\":\"search_term_string\"}}],\"inLanguage\":\"en-US\"}]}<\/script>\n<!-- \/ Yoast SEO plugin. -->","yoast_head_json":{"title":"Groups - Incentives - Segelschule u. Surfschule am Plattensee, Balaton","description":"Groups incentives at our sailing and windsurfing school at Lake Balaton in Hungary. We offer water sports courses including accommodation for groups.","robots":{"index":"index","follow":"follow","max-snippet":"max-snippet:-1","max-image-preview":"max-image-preview:large","max-video-preview":"max-video-preview:-1"},"canonical":"https:\/\/www.wind99.com\/en\/windsurfing-and-sailing-courses\/groups-incentives\/","og_locale":"en_US","og_type":"article","og_title":"Groups - Incentives - Segelschule u. Surfschule am Plattensee, Balaton","og_description":"Groups incentives at our sailing and windsurfing school at Lake Balaton in Hungary. We offer water sports courses including accommodation for groups.","og_url":"https:\/\/www.wind99.com\/en\/windsurfing-and-sailing-courses\/groups-incentives\/","og_site_name":"Segelschule u. Surfschule am Plattensee, Balaton","article_publisher":"https:\/\/www.facebook.com\/Sail.and.Surf.Balaton\/","article_modified_time":"2024-07-06T06:15:02+00:00","twitter_card":"summary_large_image","twitter_misc":{"Est. reading time":"2 minutes"},"schema":{"@context":"https:\/\/schema.org","@graph":[{"@type":"WebPage","@id":"https:\/\/www.wind99.com\/en\/windsurfing-and-sailing-courses\/groups-incentives\/","url":"https:\/\/www.wind99.com\/en\/windsurfing-and-sailing-courses\/groups-incentives\/","name":"Groups - Incentives - Segelschule u. Surfschule am Plattensee, Balaton","isPartOf":{"@id":"https:\/\/www.wind99.com\/#website"},"datePublished":"2018-01-13T11:47:07+00:00","dateModified":"2024-07-06T06:15:02+00:00","description":"Groups incentives at our sailing and windsurfing school at Lake Balaton in Hungary. We offer water sports courses including accommodation for groups.","breadcrumb":{"@id":"https:\/\/www.wind99.com\/en\/windsurfing-and-sailing-courses\/groups-incentives\/#breadcrumb"},"inLanguage":"en-US","potentialAction":[{"@type":"ReadAction","target":["https:\/\/www.wind99.com\/en\/windsurfing-and-sailing-courses\/groups-incentives\/"]}]},{"@type":"BreadcrumbList","@id":"https:\/\/www.wind99.com\/en\/windsurfing-and-sailing-courses\/groups-incentives\/#breadcrumb","itemListElement":[{"@type":"ListItem","position":1,"name":"Startseite","item":"https:\/\/www.wind99.com\/en\/"},{"@type":"ListItem","position":2,"name":"Windsurfing and sailing courses","item":"https:\/\/www.wind99.com\/en\/windsurfing-and-sailing-courses\/"},{"@type":"ListItem","position":3,"name":"Groups &#8211; Incentives"}]},{"@type":"WebSite","@id":"https:\/\/www.wind99.com\/#website","url":"https:\/\/www.wind99.com\/","name":"Segelschule u. Surfschule am Plattensee, Balaton","description":"Surfkurse u. Segelkurse f\u00fcr Anf\u00e4nger u. Fortgeschrittene","potentialAction":[{"@type":"SearchAction","target":{"@type":"EntryPoint","urlTemplate":"https:\/\/www.wind99.com\/?s={search_term_string}"},"query-input":{"@type":"PropertyValueSpecification","valueRequired":true,"valueName":"search_term_string"}}],"inLanguage":"en-US"}]}},"_links":{"self":[{"href":"https:\/\/www.wind99.com\/en\/wp-json\/wp\/v2\/pages\/5268","targetHints":{"allow":["GET"]}}],"collection":[{"href":"https:\/\/www.wind99.com\/en\/wp-json\/wp\/v2\/pages"}],"about":[{"href":"https:\/\/www.wind99.com\/en\/wp-json\/wp\/v2\/types\/page"}],"author":[{"embeddable":true,"href":"https:\/\/www.wind99.com\/en\/wp-json\/wp\/v2\/users\/1"}],"replies":[{"embeddable":true,"href":"https:\/\/www.wind99.com\/en\/wp-json\/wp\/v2\/comments?post=5268"}],"version-history":[{"count":0,"href":"https:\/\/www.wind99.com\/en\/wp-json\/wp\/v2\/pages\/5268\/revisions"}],"up":[{"embeddable":true,"href":"https:\/\/www.wind99.com\/en\/wp-json\/wp\/v2\/pages\/5184"}],"wp:attachment":[{"href":"https:\/\/www.wind99.com\/en\/wp-json\/wp\/v2\/media?parent=5268"}],"curies":[{"name":"wp","href":"https:\/\/api.w.org\/{rel}","templated":true}]}}